{"id":9652,"date":"2022-06-13T11:31:19","date_gmt":"2022-06-13T09:31:19","guid":{"rendered":"https:\/\/imocare-eg.com\/?post_type=product&#038;p=9652"},"modified":"2026-03-15T10:58:52","modified_gmt":"2026-03-15T08:58:52","slug":"%d8%b3%d8%b1%d9%86%d8%ac%d8%a9-%d9%85%d8%ad%d8%a7%d9%84%d9%8a%d9%84-syringe-pump","status":"publish","type":"product","link":"https:\/\/imocare-eg.com\/en\/product\/%d8%b3%d8%b1%d9%86%d8%ac%d8%a9-%d9%85%d8%ad%d8%a7%d9%84%d9%8a%d9%84-syringe-pump\/","title":{"rendered":"Syringe syringe pump solutions"},"content":{"rendered":"<p>Features<\/p>\n<p>&gt; Large and colorful LCD screen<\/p>\n<p>&gt; Automatic recognition of syringe size<\/p>\n<p>&gt; Rate Mode, Time Mode, body weight mode<\/p>\n<p>&gt; Different types of injection: 5ml, 10ml , 20ml, 30ml , 50ml<\/p>\n<p>&gt; KVO<\/p>\n<p>&gt; Anti-bolus function<\/p>\n<p>&gt; History records<\/p>\n<p>&gt; Panel lock<\/p>\n<p>&gt; Adjustable buzzer Volume (3 levels)<\/p>\n<p>&gt; Automatic recognition of syringe size<\/p>\n<p>&gt; Night mode ensures a good rest for patients<\/p>\n<p>&gt; 90 \u00b0 spindle clamp is suitable for horizontal bar, vertical IV pole and platform use<\/p>\n<p>&gt; RS232 interface<\/p>\n<p>&nbsp;<\/p>\n<p>Applicable syringes \u2013 different types of syringes: 10ml, 20ml, 30ml , 50ml \/ 60ml<\/p>\n<p>Accuracy - \u00b1 2% (mechanical \u00b1 1%)<\/p>\n<p>Flow rate \u2013 10 ml: 0.1 ml \/ h \u2013 300 ml \/ H<\/p>\n<p>20ml: 0.1 ml \/ H -600ml \/ H<\/p>\n<p>30ml: 0.1 ml \/ H \u2013 900ml \/ H<\/p>\n<p>50ml: 0.1 ml \/ H -1500 ML \/ H<\/p>\n<p>Bolus rate \u2013 10ml: 100-300ml \/ hour (default 300ml)<\/p>\n<p>20ml: 100-600ml \/ h (default 600ml)<\/p>\n<p>30ml: 100-900ml \/ h (default 900ml)<\/p>\n<p>50ml: 100-1500ml \/ hour (default 1500ml)<\/p>\n<p>Disinfection rate \u2013 10 ml: 300 ml<\/p>\n<p>20 ml: 600 ml<\/p>\n<p>30 ml: 900 ml<\/p>\n<p>50ml: 1500ml<\/p>\n<p>Volume to be pumped \u2013 VTBI) - 0.1 ml ~ 1000 ml<\/p>\n<p>Increased injection \u2013 0.1 ml<\/p>\n<p>Infusion mode \u2013 Rate Mode, Time Mode , body weight mode<\/p>\n<p>Time mode-volume limit: 0.1 ~ 999.9 ML<\/p>\n<p>Preset time: 1 minute to 99 hours and 99 minutes<\/p>\n<p>Remaining time: * * hour * * minute<\/p>\n<p>Occlusion pressure detection - 3 adjustable occlusion pressure settings: low, medium and high<\/p>\n<p>Alarm function \u2013 infusion is completed, near completion, empty, clogged, low battery, loose syringe, incorrect installation of syringe plunger, no AC power supply, low battery, depleted battery, malfunction etc.<\/p>\n<p>Battery \u2013 rechargeable lithium polymer battery, 7.4 V, 1900mAh<\/p>\n<p>It can work about 6 hours at 25ml \/ H after full charge.<\/p>\n<p>Dimensions-30 \u00d7 12.9 \u00d7 13 cm (length \u00d7 width \u00d7 height)<\/p>\n<p>Weight - \u22642 kg<\/p>","protected":false},"excerpt":{"rendered":"<p><strong>Brand: <\/strong><strong>howkmed <\/strong><strong>\u00a0\u00a0\u00a0\u00a0\u00a0\u00a0\u00a0\u00a0\u00a0\u00a0\u00a0\u00a0\u00a0\u00a0\u00a0\u00a0\u00a0\u00a0\u00a0\u00a0\u00a0\u00a0\u00a0\u00a0\u00a0\u00a0\u00a0\u00a0\u00a0\u00a0\u00a0\u00a0\u00a0\u00a0Model: <\/strong><strong>HK-400 <\/strong><\/p>\n<p><strong>made in: China<\/strong><\/p>","protected":false},"featured_media":14469,"template":"","meta":{"_acf_changed":false},"product_cat":[89,88],"product_tag":[],"class_list":{"0":"post-9652","1":"product","2":"type-product","3":"status-publish","4":"has-post-thumbnail","6":"product_cat-89","7":"product_cat-88","9":"first","10":"instock","11":"shipping-taxable","12":"purchasable","13":"product-type-simple"},"acf":[],"yoast_head":"<!-- This site is optimized with the Yoast SEO Premium plugin v23.9 (Yoast SEO v23.9) - https:\/\/yoast.com\/wordpress\/plugins\/seo\/ -->\n<title>\u0625\u0645\u0648\u0643\u064a\u0631 IMO Care \u0633\u0631\u0646\u062c\u0629 \u0645\u062d\u0627\u0644\u064a\u0644  syringe pump | \u0625\u0645\u0648\u0643\u064a\u0631 IMO Care<\/title>\n<meta name=\"robots\" content=\"index, follow, max-snippet:-1, max-image-preview:large, max-video-preview:-1\" \/>\n<link rel=\"canonical\" href=\"https:\/\/imocare-eg.com\/en\/product\/\u0633\u0631\u0646\u062c\u0629-\u0645\u062d\u0627\u0644\u064a\u0644-syringe-pump\/\" \/>\n<meta property=\"og:locale\" content=\"en_US\" \/>\n<meta property=\"og:type\" content=\"article\" \/>\n<meta property=\"og:title\" content=\"\u0633\u0631\u0646\u062c\u0629 \u0645\u062d\u0627\u0644\u064a\u0644  syringe pump\" \/>\n<meta property=\"og:description\" content=\"\u0627\u0644\u0645\u0627\u0631\u0643\u0629 : howkmed \u00a0\u00a0\u00a0\u00a0\u00a0\u00a0\u00a0\u00a0\u00a0\u00a0\u00a0\u00a0\u00a0\u00a0\u00a0\u00a0\u00a0\u00a0\u00a0\u00a0\u00a0\u00a0\u00a0\u00a0\u00a0\u00a0\u00a0\u00a0\u00a0\u00a0\u00a0\u00a0\u00a0\u00a0\u0627\u0644\u0645\u0648\u062f\u064a\u0644 : HK-400   \u0627\u0644\u0645\u0646\u0634\u0623 : \u0627\u0644\u0635\u064a\u0646\" \/>\n<meta property=\"og:url\" content=\"https:\/\/imocare-eg.com\/en\/product\/\u0633\u0631\u0646\u062c\u0629-\u0645\u062d\u0627\u0644\u064a\u0644-syringe-pump\/\" \/>\n<meta property=\"og:site_name\" content=\"\u0625\u0645\u0648\u0643\u064a\u0631 IMO Care\" \/>\n<meta property=\"article:modified_time\" content=\"2026-03-15T08:58:52+00:00\" \/>\n<meta property=\"og:image\" content=\"http:\/\/imocare-eg.com\/wp-content\/uploads\/2022\/06\/hawkmed-hk-400-syringe-pump.jpg\" \/>\n\t<meta property=\"og:image:width\" content=\"500\" \/>\n\t<meta property=\"og:image:height\" content=\"500\" \/>\n\t<meta property=\"og:image:type\" content=\"image\/jpeg\" \/>\n<meta name=\"twitter:card\" content=\"summary_large_image\" \/>\n<meta name=\"twitter:label1\" content=\"Est. reading time\" \/>\n\t<meta name=\"twitter:data1\" content=\"3 minutes\" \/>\n<script type=\"application\/ld+json\" class=\"yoast-schema-graph\">{\"@context\":\"https:\/\/schema.org\",\"@graph\":[{\"@type\":\"WebPage\",\"@id\":\"https:\/\/imocare-eg.com\/product\/%d8%b3%d8%b1%d9%86%d8%ac%d8%a9-%d9%85%d8%ad%d8%a7%d9%84%d9%8a%d9%84-syringe-pump\/\",\"url\":\"https:\/\/imocare-eg.com\/product\/%d8%b3%d8%b1%d9%86%d8%ac%d8%a9-%d9%85%d8%ad%d8%a7%d9%84%d9%8a%d9%84-syringe-pump\/\",\"name\":\"\u0625\u0645\u0648\u0643\u064a\u0631 IMO Care \u0633\u0631\u0646\u062c\u0629 \u0645\u062d\u0627\u0644\u064a\u0644 syringe pump | \u0625\u0645\u0648\u0643\u064a\u0631 IMO Care\",\"isPartOf\":{\"@id\":\"https:\/\/imocare-eg.com\/#website\"},\"primaryImageOfPage\":{\"@id\":\"https:\/\/imocare-eg.com\/product\/%d8%b3%d8%b1%d9%86%d8%ac%d8%a9-%d9%85%d8%ad%d8%a7%d9%84%d9%8a%d9%84-syringe-pump\/#primaryimage\"},\"image\":{\"@id\":\"https:\/\/imocare-eg.com\/product\/%d8%b3%d8%b1%d9%86%d8%ac%d8%a9-%d9%85%d8%ad%d8%a7%d9%84%d9%8a%d9%84-syringe-pump\/#primaryimage\"},\"thumbnailUrl\":\"https:\/\/imocare-eg.com\/wp-content\/uploads\/2022\/06\/hawkmed-hk-400-syringe-pump.jpg\",\"datePublished\":\"2022-06-13T09:31:19+00:00\",\"dateModified\":\"2026-03-15T08:58:52+00:00\",\"breadcrumb\":{\"@id\":\"https:\/\/imocare-eg.com\/product\/%d8%b3%d8%b1%d9%86%d8%ac%d8%a9-%d9%85%d8%ad%d8%a7%d9%84%d9%8a%d9%84-syringe-pump\/#breadcrumb\"},\"inLanguage\":\"en-US\",\"potentialAction\":[{\"@type\":\"ReadAction\",\"target\":[\"https:\/\/imocare-eg.com\/product\/%d8%b3%d8%b1%d9%86%d8%ac%d8%a9-%d9%85%d8%ad%d8%a7%d9%84%d9%8a%d9%84-syringe-pump\/\"]}]},{\"@type\":\"ImageObject\",\"inLanguage\":\"en-US\",\"@id\":\"https:\/\/imocare-eg.com\/product\/%d8%b3%d8%b1%d9%86%d8%ac%d8%a9-%d9%85%d8%ad%d8%a7%d9%84%d9%8a%d9%84-syringe-pump\/#primaryimage\",\"url\":\"https:\/\/imocare-eg.com\/wp-content\/uploads\/2022\/06\/hawkmed-hk-400-syringe-pump.jpg\",\"contentUrl\":\"https:\/\/imocare-eg.com\/wp-content\/uploads\/2022\/06\/hawkmed-hk-400-syringe-pump.jpg\",\"width\":500,\"height\":500},{\"@type\":\"BreadcrumbList\",\"@id\":\"https:\/\/imocare-eg.com\/product\/%d8%b3%d8%b1%d9%86%d8%ac%d8%a9-%d9%85%d8%ad%d8%a7%d9%84%d9%8a%d9%84-syringe-pump\/#breadcrumb\",\"itemListElement\":[{\"@type\":\"ListItem\",\"position\":1,\"name\":\"Home\",\"item\":\"https:\/\/imocare-eg.com\/\"},{\"@type\":\"ListItem\",\"position\":2,\"name\":\"\u0627\u0644\u0645\u0646\u062a\u062c\u0627\u062a\",\"item\":\"https:\/\/imocare-eg.com\/shop\/\"},{\"@type\":\"ListItem\",\"position\":3,\"name\":\"\u0633\u0631\u0646\u062c\u0629 \u0645\u062d\u0627\u0644\u064a\u0644 syringe pump\"}]},{\"@type\":\"WebSite\",\"@id\":\"https:\/\/imocare-eg.com\/#website\",\"url\":\"https:\/\/imocare-eg.com\/\",\"name\":\"\u0625\u0645\u0648\u0643\u064a\u0631 IMO Care\",\"description\":\"\u062c\u0645\u064a\u0639 \u0627\u0644\u0623\u062c\u0647\u0632\u0629 \u0627\u0644\u0637\u0628\u064a\u0629\u060c \u0648\u062a\u062c\u0647\u064a\u0632 \u0627\u0644\u0639\u064a\u0627\u062f\u0627\u062a\u060c \u0627\u0644\u0645\u0639\u0627\u0645\u0644\u060c \u0648\u0627\u0644\u0645\u0633\u062a\u0634\u0641\u064a\u0627\u062a\",\"publisher\":{\"@id\":\"https:\/\/imocare-eg.com\/#organization\"},\"potentialAction\":[{\"@type\":\"SearchAction\",\"target\":{\"@type\":\"EntryPoint\",\"urlTemplate\":\"https:\/\/imocare-eg.com\/?s={search_term_string}\"},\"query-input\":{\"@type\":\"PropertyValueSpecification\",\"valueRequired\":true,\"valueName\":\"search_term_string\"}}],\"inLanguage\":\"en-US\"},{\"@type\":[\"Organization\",\"Place\"],\"@id\":\"https:\/\/imocare-eg.com\/#organization\",\"name\":\"\u0625\u0645\u0648\u0643\u064a\u0631 IMO Care\",\"url\":\"https:\/\/imocare-eg.com\/\",\"logo\":{\"@id\":\"https:\/\/imocare-eg.com\/product\/%d8%b3%d8%b1%d9%86%d8%ac%d8%a9-%d9%85%d8%ad%d8%a7%d9%84%d9%8a%d9%84-syringe-pump\/#local-main-organization-logo\"},\"image\":{\"@id\":\"https:\/\/imocare-eg.com\/product\/%d8%b3%d8%b1%d9%86%d8%ac%d8%a9-%d9%85%d8%ad%d8%a7%d9%84%d9%8a%d9%84-syringe-pump\/#local-main-organization-logo\"},\"openingHoursSpecification\":[{\"@type\":\"OpeningHoursSpecification\",\"dayOfWeek\":[\"Sunday\",\"Monday\",\"Tuesday\",\"Wednesday\",\"Thursday\",\"Friday\",\"Saturday\"],\"opens\":\"09:00\",\"closes\":\"17:00\"}]},{\"@type\":\"ImageObject\",\"inLanguage\":\"en-US\",\"@id\":\"https:\/\/imocare-eg.com\/product\/%d8%b3%d8%b1%d9%86%d8%ac%d8%a9-%d9%85%d8%ad%d8%a7%d9%84%d9%8a%d9%84-syringe-pump\/#local-main-organization-logo\",\"url\":\"https:\/\/imocare-eg.com\/wp-content\/uploads\/2022\/08\/1126-imo-care-logo-e1659608542430.png\",\"contentUrl\":\"https:\/\/imocare-eg.com\/wp-content\/uploads\/2022\/08\/1126-imo-care-logo-e1659608542430.png\",\"width\":300,\"height\":301,\"caption\":\"\u0625\u0645\u0648\u0643\u064a\u0631 IMO Care\"}]}<\/script>\n<!-- \/ Yoast SEO Premium plugin. -->","yoast_head_json":{"title":"\u0625\u0645\u0648\u0643\u064a\u0631 IMO Care \u0633\u0631\u0646\u062c\u0629 \u0645\u062d\u0627\u0644\u064a\u0644  syringe pump | \u0625\u0645\u0648\u0643\u064a\u0631 IMO Care","robots":{"index":"index","follow":"follow","max-snippet":"max-snippet:-1","max-image-preview":"max-image-preview:large","max-video-preview":"max-video-preview:-1"},"canonical":"https:\/\/imocare-eg.com\/en\/product\/\u0633\u0631\u0646\u062c\u0629-\u0645\u062d\u0627\u0644\u064a\u0644-syringe-pump\/","og_locale":"en_US","og_type":"article","og_title":"\u0633\u0631\u0646\u062c\u0629 \u0645\u062d\u0627\u0644\u064a\u0644  syringe pump","og_description":"\u0627\u0644\u0645\u0627\u0631\u0643\u0629 : howkmed \u00a0\u00a0\u00a0\u00a0\u00a0\u00a0\u00a0\u00a0\u00a0\u00a0\u00a0\u00a0\u00a0\u00a0\u00a0\u00a0\u00a0\u00a0\u00a0\u00a0\u00a0\u00a0\u00a0\u00a0\u00a0\u00a0\u00a0\u00a0\u00a0\u00a0\u00a0\u00a0\u00a0\u00a0\u0627\u0644\u0645\u0648\u062f\u064a\u0644 : HK-400   \u0627\u0644\u0645\u0646\u0634\u0623 : \u0627\u0644\u0635\u064a\u0646","og_url":"https:\/\/imocare-eg.com\/en\/product\/\u0633\u0631\u0646\u062c\u0629-\u0645\u062d\u0627\u0644\u064a\u0644-syringe-pump\/","og_site_name":"\u0625\u0645\u0648\u0643\u064a\u0631 IMO Care","article_modified_time":"2026-03-15T08:58:52+00:00","og_image":[{"width":500,"height":500,"url":"http:\/\/imocare-eg.com\/wp-content\/uploads\/2022\/06\/hawkmed-hk-400-syringe-pump.jpg","type":"image\/jpeg"}],"twitter_card":"summary_large_image","twitter_misc":{"Est. reading time":"3 minutes"},"schema":{"@context":"https:\/\/schema.org","@graph":[{"@type":"WebPage","@id":"https:\/\/imocare-eg.com\/product\/%d8%b3%d8%b1%d9%86%d8%ac%d8%a9-%d9%85%d8%ad%d8%a7%d9%84%d9%8a%d9%84-syringe-pump\/","url":"https:\/\/imocare-eg.com\/product\/%d8%b3%d8%b1%d9%86%d8%ac%d8%a9-%d9%85%d8%ad%d8%a7%d9%84%d9%8a%d9%84-syringe-pump\/","name":"\u0625\u0645\u0648\u0643\u064a\u0631 IMO Care \u0633\u0631\u0646\u062c\u0629 \u0645\u062d\u0627\u0644\u064a\u0644 syringe pump | \u0625\u0645\u0648\u0643\u064a\u0631 IMO Care","isPartOf":{"@id":"https:\/\/imocare-eg.com\/#website"},"primaryImageOfPage":{"@id":"https:\/\/imocare-eg.com\/product\/%d8%b3%d8%b1%d9%86%d8%ac%d8%a9-%d9%85%d8%ad%d8%a7%d9%84%d9%8a%d9%84-syringe-pump\/#primaryimage"},"image":{"@id":"https:\/\/imocare-eg.com\/product\/%d8%b3%d8%b1%d9%86%d8%ac%d8%a9-%d9%85%d8%ad%d8%a7%d9%84%d9%8a%d9%84-syringe-pump\/#primaryimage"},"thumbnailUrl":"https:\/\/imocare-eg.com\/wp-content\/uploads\/2022\/06\/hawkmed-hk-400-syringe-pump.jpg","datePublished":"2022-06-13T09:31:19+00:00","dateModified":"2026-03-15T08:58:52+00:00","breadcrumb":{"@id":"https:\/\/imocare-eg.com\/product\/%d8%b3%d8%b1%d9%86%d8%ac%d8%a9-%d9%85%d8%ad%d8%a7%d9%84%d9%8a%d9%84-syringe-pump\/#breadcrumb"},"inLanguage":"en-US","potentialAction":[{"@type":"ReadAction","target":["https:\/\/imocare-eg.com\/product\/%d8%b3%d8%b1%d9%86%d8%ac%d8%a9-%d9%85%d8%ad%d8%a7%d9%84%d9%8a%d9%84-syringe-pump\/"]}]},{"@type":"ImageObject","inLanguage":"en-US","@id":"https:\/\/imocare-eg.com\/product\/%d8%b3%d8%b1%d9%86%d8%ac%d8%a9-%d9%85%d8%ad%d8%a7%d9%84%d9%8a%d9%84-syringe-pump\/#primaryimage","url":"https:\/\/imocare-eg.com\/wp-content\/uploads\/2022\/06\/hawkmed-hk-400-syringe-pump.jpg","contentUrl":"https:\/\/imocare-eg.com\/wp-content\/uploads\/2022\/06\/hawkmed-hk-400-syringe-pump.jpg","width":500,"height":500},{"@type":"BreadcrumbList","@id":"https:\/\/imocare-eg.com\/product\/%d8%b3%d8%b1%d9%86%d8%ac%d8%a9-%d9%85%d8%ad%d8%a7%d9%84%d9%8a%d9%84-syringe-pump\/#breadcrumb","itemListElement":[{"@type":"ListItem","position":1,"name":"Home","item":"https:\/\/imocare-eg.com\/"},{"@type":"ListItem","position":2,"name":"\u0627\u0644\u0645\u0646\u062a\u062c\u0627\u062a","item":"https:\/\/imocare-eg.com\/shop\/"},{"@type":"ListItem","position":3,"name":"\u0633\u0631\u0646\u062c\u0629 \u0645\u062d\u0627\u0644\u064a\u0644 syringe pump"}]},{"@type":"WebSite","@id":"https:\/\/imocare-eg.com\/#website","url":"https:\/\/imocare-eg.com\/","name":"IMO Care","description":"All medical devices, equipping clinics, laboratories, and hospitals","publisher":{"@id":"https:\/\/imocare-eg.com\/#organization"},"potentialAction":[{"@type":"SearchAction","target":{"@type":"EntryPoint","urlTemplate":"https:\/\/imocare-eg.com\/?s={search_term_string}"},"query-input":{"@type":"PropertyValueSpecification","valueRequired":true,"valueName":"search_term_string"}}],"inLanguage":"en-US"},{"@type":["Organization","Place"],"@id":"https:\/\/imocare-eg.com\/#organization","name":"IMO Care","url":"https:\/\/imocare-eg.com\/","logo":{"@id":"https:\/\/imocare-eg.com\/product\/%d8%b3%d8%b1%d9%86%d8%ac%d8%a9-%d9%85%d8%ad%d8%a7%d9%84%d9%8a%d9%84-syringe-pump\/#local-main-organization-logo"},"image":{"@id":"https:\/\/imocare-eg.com\/product\/%d8%b3%d8%b1%d9%86%d8%ac%d8%a9-%d9%85%d8%ad%d8%a7%d9%84%d9%8a%d9%84-syringe-pump\/#local-main-organization-logo"},"openingHoursSpecification":[{"@type":"OpeningHoursSpecification","dayOfWeek":["Sunday","Monday","Tuesday","Wednesday","Thursday","Friday","Saturday"],"opens":"09:00","closes":"17:00"}]},{"@type":"ImageObject","inLanguage":"en-US","@id":"https:\/\/imocare-eg.com\/product\/%d8%b3%d8%b1%d9%86%d8%ac%d8%a9-%d9%85%d8%ad%d8%a7%d9%84%d9%8a%d9%84-syringe-pump\/#local-main-organization-logo","url":"https:\/\/imocare-eg.com\/wp-content\/uploads\/2022\/08\/1126-imo-care-logo-e1659608542430.png","contentUrl":"https:\/\/imocare-eg.com\/wp-content\/uploads\/2022\/08\/1126-imo-care-logo-e1659608542430.png","width":300,"height":301,"caption":"\u0625\u0645\u0648\u0643\u064a\u0631 IMO Care"}]}},"_links":{"self":[{"href":"https:\/\/imocare-eg.com\/en\/wp-json\/wp\/v2\/product\/9652","targetHints":{"allow":["GET"]}}],"collection":[{"href":"https:\/\/imocare-eg.com\/en\/wp-json\/wp\/v2\/product"}],"about":[{"href":"https:\/\/imocare-eg.com\/en\/wp-json\/wp\/v2\/types\/product"}],"version-history":[{"count":1,"href":"https:\/\/imocare-eg.com\/en\/wp-json\/wp\/v2\/product\/9652\/revisions"}],"predecessor-version":[{"id":16977,"href":"https:\/\/imocare-eg.com\/en\/wp-json\/wp\/v2\/product\/9652\/revisions\/16977"}],"wp:featuredmedia":[{"embeddable":true,"href":"https:\/\/imocare-eg.com\/en\/wp-json\/wp\/v2\/media\/14469"}],"wp:attachment":[{"href":"https:\/\/imocare-eg.com\/en\/wp-json\/wp\/v2\/media?parent=9652"}],"wp:term":[{"taxonomy":"product_cat","embeddable":true,"href":"https:\/\/imocare-eg.com\/en\/wp-json\/wp\/v2\/product_cat?post=9652"},{"taxonomy":"product_tag","embeddable":true,"href":"https:\/\/imocare-eg.com\/en\/wp-json\/wp\/v2\/product_tag?post=9652"}],"curies":[{"name":"wp","href":"https:\/\/api.w.org\/{rel}","templated":true}]}}